{"id":14,"date":"2016-11-22T17:09:32","date_gmt":"2016-11-22T16:09:32","guid":{"rendered":"https:\/\/www.arsc.il.pw.edu.pl\/?page_id=14"},"modified":"2022-12-22T14:22:24","modified_gmt":"2022-12-22T13:22:24","slug":"o-projekcie","status":"publish","type":"page","link":"https:\/\/www.arsc.il.pw.edu.pl\/index.php\/pl\/o-projekcie\/","title":{"rendered":"O projekcie"},"content":{"rendered":"<p>Projekt ARSC &#8211; Bezpieczny monta\u017c ok\u0142adzin kamiennych z wykorzystaniem rzeczywisto\u015bci rozszerzonej (Augmented Reality for Stone Cladding Safe Assembling Operation) ma na celu zapobieganie wypadkom na placach bud\u00f3w. Upadki z wysoko\u015bci s\u0105 jedn\u0105 z najcz\u0119stszych przyczyn powa\u017cnych i \u015bmiertelnych wypadk\u00f3w w Polsce i innych krajach Europy. Projekt polega\u0142 na opracowaniu nowoczesnego szkolenia \u0142\u0105cz\u0105cego klasyczny podr\u0119cznik z technologi\u0105 rzeczywisto\u015bci rozszerzonej (AR &#8211; Augmented Reality).<\/p>\n<p>Nowoczesne metody szkoleniowe wykorzystuj\u0105ce AR s\u0105 ju\u017c wykorzystywane przez pilot\u00f3w, kierowc\u00f3w F1, czy przemys\u0142 wojskowy. Wykorzystanie urz\u0105dze\u0144 mobilnych (smartfon\u00f3w, tablet\u00f3w), nowoczesnej technologi AR i wspieraj\u0105cych plik\u00f3w multimedialnych sprawia, \u017ce szkolenie ARSC b\u0119dzie interesuj\u0105ce i zapadaj\u0105ce w pami\u0119\u0107.<\/p>\n<p>Szkolenie ARSC jest dost\u0119pne dla wszystkich zainteresowanych, a jego innowacyjna forma znakomicie wpasowuje si\u0119 w wymagania ery digitalizacji.<\/p>\n","protected":false},"excerpt":{"rendered":"<p>Projekt ARSC &#8211; Bezpieczny monta\u017c ok\u0142adzin kamiennych z wykorzystaniem rzeczywisto\u015bci rozszerzonej (Augmented Reality for Stone Cladding Safe Assembling Operation) ma na celu zapobieganie wypadkom na placach bud\u00f3w. Upadki z wysoko\u015bci s\u0105 jedn\u0105 z najcz\u0119stszych przyczyn powa\u017cnych i \u015bmiertelnych wypadk\u00f3w w Polsce i innych krajach Europy. Projekt polega\u0142 na opracowaniu nowoczesnego szkolenia \u0142\u0105cz\u0105cego klasyczny podr\u0119cznik z &hellip; <a href=\"https:\/\/www.arsc.il.pw.edu.pl\/index.php\/pl\/o-projekcie\/\" class=\"more-link\">Continue reading <span class=\"screen-reader-text\">O projekcie<\/span> <span class=\"meta-nav\">&rarr;<\/span><\/a><\/p>\n","protected":false},"author":1,"featured_media":0,"parent":0,"menu_order":0,"comment_status":"closed","ping_status":"closed","template":"","meta":{"ngg_post_thumbnail":0,"footnotes":""},"class_list":["post-14","page","type-page","status-publish","hentry"],"_links":{"self":[{"href":"https:\/\/www.arsc.il.pw.edu.pl\/index.php\/wp-json\/wp\/v2\/pages\/14"}],"collection":[{"href":"https:\/\/www.arsc.il.pw.edu.pl\/index.php\/wp-json\/wp\/v2\/pages"}],"about":[{"href":"https:\/\/www.arsc.il.pw.edu.pl\/index.php\/wp-json\/wp\/v2\/types\/page"}],"author":[{"embeddable":true,"href":"https:\/\/www.arsc.il.pw.edu.pl\/index.php\/wp-json\/wp\/v2\/users\/1"}],"replies":[{"embeddable":true,"href":"https:\/\/www.arsc.il.pw.edu.pl\/index.php\/wp-json\/wp\/v2\/comments?post=14"}],"version-history":[{"count":8,"href":"https:\/\/www.arsc.il.pw.edu.pl\/index.php\/wp-json\/wp\/v2\/pages\/14\/revisions"}],"predecessor-version":[{"id":1405,"href":"https:\/\/www.arsc.il.pw.edu.pl\/index.php\/wp-json\/wp\/v2\/pages\/14\/revisions\/1405"}],"wp:attachment":[{"href":"https:\/\/www.arsc.il.pw.edu.pl\/index.php\/wp-json\/wp\/v2\/media?parent=14"}],"curies":[{"name":"wp","href":"https:\/\/api.w.org\/{rel}","templated":true}]}}