{"id":18,"date":"2016-11-22T17:09:54","date_gmt":"2016-11-22T16:09:54","guid":{"rendered":"https:\/\/www.arsc.il.pw.edu.pl\/?page_id=18"},"modified":"2022-12-29T10:59:05","modified_gmt":"2022-12-29T09:59:05","slug":"kontakt","status":"publish","type":"page","link":"https:\/\/www.arsc.il.pw.edu.pl\/index.php\/pl\/kontakt\/","title":{"rendered":"Kontakt"},"content":{"rendered":"<p>Promotor projektu:<\/p>\n<p>KORPORACJA RADEX S.A.<\/p>\n<p>Jana Sebastiana Bacha 10,<br \/>\n02-743 Warszawa<br \/>\nPOLSKA<\/p>\n<p>Kierownik projektu: dr in\u017c. Janusz Sobieraj<\/p>\n<p>E-mail: jsobieraj@korporacjaradex.pl<\/p>\n<p>Kontakt:<\/p>\n<p class=\"center\"><strong>Politechnika Warszawska, Wydzia\u0142 In\u017cynierii L\u0105dowej, <\/strong><\/p>\n<p class=\"center\"><strong>Zak\u0142ad In\u017cynierii Produkcji i Zarz\u0105dzania w Budownictwie<\/strong><\/p>\n<p class=\"center\">Armii Ludowej 16,<br \/>\npok\u00f3j 521<br \/>\n00-637 Warszawa<br \/>\nPOLSKA<\/p>\n<p>Kierownik projektu na PW: dr in\u017c. Jerzy Ros\u0142on<\/p>\n<p>E-mail: <a href=\"mailto:arwut@il.pw.edu.pl\">arwut@il.pw.edu.pl<\/a><\/p>\n","protected":false},"excerpt":{"rendered":"<p>Promotor projektu: KORPORACJA RADEX S.A. Jana Sebastiana Bacha 10, 02-743 Warszawa POLSKA Kierownik projektu: dr in\u017c. Janusz Sobieraj E-mail: jsobieraj@korporacjaradex.pl Kontakt: Politechnika Warszawska, Wydzia\u0142 In\u017cynierii L\u0105dowej, Zak\u0142ad In\u017cynierii Produkcji i Zarz\u0105dzania w Budownictwie Armii Ludowej 16, pok\u00f3j 521 00-637 Warszawa POLSKA Kierownik projektu na PW: dr in\u017c. Jerzy Ros\u0142on E-mail: arwut@il.pw.edu.pl<\/p>\n","protected":false},"author":1,"featured_media":0,"parent":0,"menu_order":0,"comment_status":"closed","ping_status":"closed","template":"","meta":{"ngg_post_thumbnail":0,"footnotes":""},"class_list":["post-18","page","type-page","status-publish","hentry"],"_links":{"self":[{"href":"https:\/\/www.arsc.il.pw.edu.pl\/index.php\/wp-json\/wp\/v2\/pages\/18"}],"collection":[{"href":"https:\/\/www.arsc.il.pw.edu.pl\/index.php\/wp-json\/wp\/v2\/pages"}],"about":[{"href":"https:\/\/www.arsc.il.pw.edu.pl\/index.php\/wp-json\/wp\/v2\/types\/page"}],"author":[{"embeddable":true,"href":"https:\/\/www.arsc.il.pw.edu.pl\/index.php\/wp-json\/wp\/v2\/users\/1"}],"replies":[{"embeddable":true,"href":"https:\/\/www.arsc.il.pw.edu.pl\/index.php\/wp-json\/wp\/v2\/comments?post=18"}],"version-history":[{"count":10,"href":"https:\/\/www.arsc.il.pw.edu.pl\/index.php\/wp-json\/wp\/v2\/pages\/18\/revisions"}],"predecessor-version":[{"id":1475,"href":"https:\/\/www.arsc.il.pw.edu.pl\/index.php\/wp-json\/wp\/v2\/pages\/18\/revisions\/1475"}],"wp:attachment":[{"href":"https:\/\/www.arsc.il.pw.edu.pl\/index.php\/wp-json\/wp\/v2\/media?parent=18"}],"curies":[{"name":"wp","href":"https:\/\/api.w.org\/{rel}","templated":true}]}}